{"id":3076,"date":"2022-05-26T10:52:59","date_gmt":"2022-05-26T14:52:59","guid":{"rendered":"https:\/\/www.inovia.wp.vortexdev.com\/conversations-inovia\/"},"modified":"2025-01-28T10:56:46","modified_gmt":"2025-01-28T15:56:46","slug":"conversations-inovia","status":"publish","type":"page","link":"https:\/\/www.inovia.wp.vortexdev.com\/fr\/conversations-inovia\/","title":{"rendered":"Conversations avec Inovia"},"content":{"rendered":"\n<div class=\"wp-block-columns alignwide is-layout-flex wp-container-core-columns-is-layout-1 wp-block-columns-is-layout-flex\">\n<div class=\"wp-block-column is-layout-flow wp-block-column-is-layout-flow\">\n<p><\/p>\n\n\n\n<p class=\"is-style-p-emphasis\">Lisez les derni\u00e8res <mark style=\"background-color:rgba(0, 0, 0, 0)\" class=\"has-inline-color has-medium-primary-color\">nouvelles,<\/mark> <mark style=\"background-color:rgba(0, 0, 0, 0)\" class=\"has-inline-color has-primary-color\">r\u00e9flexions et id\u00e9es<\/mark> de notre \u00e9quipe sur la cr\u00e9ation d\u2019entreprises technologiques mondiales durables.<\/p>\n\n\n\n<p><\/p>\n<\/div>\n<\/div>\n\n\n\n<section class=\"featured-posts theme-block alignfull\">\n  <div class=\"latest-posts__content\">\n          <div class=\"latest_posts__list\">\n                  <a href=\"https:\/\/www.inovia.wp.vortexdev.com\/fr\/conversations-inovia\/guide-pratique-pour-passer-des-efforts-de-ventes-b2b-saas-pilotes-par-le-fondateur-vers-le-leadership-dune-equipe-de-croissance\/\" class=\"latest-posts__item\">\n                          <div class=\"latest-posts__item__categories\">\n                                  <span class=\"latest-post__item__category\">Insights d&rsquo;Inovia<\/span>\n                              <\/div>\n                        <img loading=\"lazy\" decoding=\"async\" width=\"1024\" height=\"579\" src=\"https:\/\/www.inovia.wp.vortexdev.com\/wp-content\/uploads\/2025\/01\/B2B-SaaS-Sales-Blog-14.png\" class=\"attachment-full size-full wp-post-image\" alt=\"\" \/>            <span class=\"latest-post__item__title\">Guide pratique pour passer des efforts de ventes B2B SaaS pilot\u00e9s par le fondateur vers le leadership d&rsquo;une \u00e9quipe de croissance<\/span>\n          <\/a>\n                  <a href=\"https:\/\/www.inovia.wp.vortexdev.com\/fr\/conversations-inovia\/inovia-mene-la-ronde-financement-de-serie-a-de-nue-une-classe-de-maitre-sur-la-gestion-du-cycle-de-revenus\/\" class=\"latest-posts__item\">\n                          <div class=\"latest-posts__item__categories\">\n                                  <span class=\"latest-post__item__category\">Investissement<\/span>\n                                  <span class=\"latest-post__item__category\">Portefeuille<\/span>\n                              <\/div>\n                        <img loading=\"lazy\" decoding=\"async\" width=\"1024\" height=\"579\" src=\"https:\/\/www.inovia.wp.vortexdev.com\/wp-content\/uploads\/2025\/01\/Nue-Blog-1024x579-1.png\" class=\"attachment-full size-full wp-post-image\" alt=\"\" \/>            <span class=\"latest-post__item__title\">Inovia m\u00e8ne la ronde financement de s\u00e9rie A de Nue : une classe de ma\u00eetre sur la gestion du cycle de revenus<\/span>\n          <\/a>\n                  <a href=\"https:\/\/www.inovia.wp.vortexdev.com\/fr\/conversations-inovia\/bienvenue-a-jf-cote-eir\/\" class=\"latest-posts__item\">\n                          <div class=\"latest-posts__item__categories\">\n                                  <span class=\"latest-post__item__category\">Nouvelles Inovia<\/span>\n                              <\/div>\n                        <img loading=\"lazy\" decoding=\"async\" width=\"1024\" height=\"576\" src=\"https:\/\/www.inovia.wp.vortexdev.com\/wp-content\/uploads\/2025\/01\/JF-FR.png\" class=\"attachment-full size-full wp-post-image\" alt=\"\" \/>            <span class=\"latest-post__item__title\">Bienvenue \u00e0 JF Cote, EiR<\/span>\n          <\/a>\n              <\/div>\n      <\/div>\n  <\/section>\n","protected":false},"excerpt":{"rendered":"<p>Lisez les derni\u00e8res nouvelles, r\u00e9flexions et id\u00e9es de notre \u00e9quipe sur la cr\u00e9ation d\u2019entreprises technologiques mondiales durables.<\/p>\n","protected":false},"author":1,"featured_media":0,"parent":0,"menu_order":0,"comment_status":"closed","ping_status":"closed","template":"template-news.php","meta":{"_acf_changed":false,"_relevanssi_hide_post":"","_relevanssi_hide_content":"","_relevanssi_pin_for_all":"","_relevanssi_pin_keywords":"","_relevanssi_unpin_keywords":"","_relevanssi_related_keywords":"","_relevanssi_related_include_ids":"","_relevanssi_related_exclude_ids":"","_relevanssi_related_no_append":"","_relevanssi_related_not_related":"","_relevanssi_related_posts":"3603,3599,3569,3459,3602,3466","_relevanssi_noindex_reason":"","inline_featured_image":false,"footnotes":""},"class_list":["post-3076","page","type-page","status-publish","hentry"],"acf":[],"_links":{"self":[{"href":"https:\/\/www.inovia.wp.vortexdev.com\/fr\/wp-json\/wp\/v2\/pages\/3076","targetHints":{"allow":["GET"]}}],"collection":[{"href":"https:\/\/www.inovia.wp.vortexdev.com\/fr\/wp-json\/wp\/v2\/pages"}],"about":[{"href":"https:\/\/www.inovia.wp.vortexdev.com\/fr\/wp-json\/wp\/v2\/types\/page"}],"author":[{"embeddable":true,"href":"https:\/\/www.inovia.wp.vortexdev.com\/fr\/wp-json\/wp\/v2\/users\/1"}],"replies":[{"embeddable":true,"href":"https:\/\/www.inovia.wp.vortexdev.com\/fr\/wp-json\/wp\/v2\/comments?post=3076"}],"version-history":[{"count":8,"href":"https:\/\/www.inovia.wp.vortexdev.com\/fr\/wp-json\/wp\/v2\/pages\/3076\/revisions"}],"predecessor-version":[{"id":13899,"href":"https:\/\/www.inovia.wp.vortexdev.com\/fr\/wp-json\/wp\/v2\/pages\/3076\/revisions\/13899"}],"wp:attachment":[{"href":"https:\/\/www.inovia.wp.vortexdev.com\/fr\/wp-json\/wp\/v2\/media?parent=3076"}],"curies":[{"name":"wp","href":"https:\/\/api.w.org\/{rel}","templated":true}]}}