{"id":5418,"date":"2022-04-27T13:42:47","date_gmt":"2022-04-27T17:42:47","guid":{"rendered":"https:\/\/www.inovia.wp.vortexdev.com\/?page_id=5418"},"modified":"2025-01-28T11:12:33","modified_gmt":"2025-01-28T16:12:33","slug":"accueil","status":"publish","type":"page","link":"https:\/\/www.inovia.wp.vortexdev.com\/fr\/","title":{"rendered":"Accueil"},"content":{"rendered":"\n<section class=\"banner theme-block alignfull\">\n  <div class=\"banner__content\">\n    <!-- -------------- BANNER CONTENT LEFT -------------->\n    <div class=\"banner__content__left\">\n              <h1 class=\"banner__title\">\n          B\u00e2tisseurs          <div class=\"banner__title__bottom\">\n                        <img decoding=\"async\" src=\"https:\/\/www.inovia.wp.vortexdev.com\/wp-content\/uploads\/2022\/04\/arrow.png\" alt=\"Title icon\">\n                                      d&rsquo;entreprises                      <\/div>\n        <\/h1>\n      \n              <div class=\"banner__text\">\n          <p>Nous sommes pass\u00e9s par l\u00e0 et savons ce que \u00e7a implique. D\u2019origine canadienne, nous avons un vaste r\u00e9seau pour soutenir notre vision mondiale. Notre objectif est de nourrir vos ambitions, du d\u00e9marrage \u00e0 l&rsquo;introduction en bourse. Ensemble, nous b\u00e2tissons des entreprises technologiques qui g\u00e9n\u00e8rent un impact positif sur la soci\u00e9t\u00e9.<\/p>\n        <\/div>\n      \n              <a class=\"banner__btn btn--white\" href=\"https:\/\/www.inovia.wp.vortexdev.com\/fr\/a-propos-dinovia\/\"         >\n          En savoir plus        <\/a>\n          <\/div>\n    <!-- -------------- END BANNER CONTENT LEFT -------------->\n    <!-- -------------- BANNER CONTENT RIGHT -------------->\n    <div class=\"banner__content__right\">\n                        <div class=\"founders__list swiper\">\n            <div class=\"swiper-wrapper\">\n            \n              <div class=\"founder__item swiper-slide\" data-founder=\"Aidan Gomez\" \n              data-background=\"#082E3B\" \n              data-textcolor=\"#fff\"\n              style=\"background-color: #082E3B;\">\n                <img loading=\"lazy\" decoding=\"async\" width=\"700\" height=\"700\" src=\"https:\/\/www.inovia.wp.vortexdev.com\/wp-content\/uploads\/2023\/06\/1.png\" class=\"attachment-full size-full wp-post-image\" alt=\"Aidan Gomez\" \/>                <a href=\"https:\/\/www.inovia.wp.vortexdev.com\/fr\/fondateurs\/fondateurs-dentreprise\/aidan-gomez\/\" class=\"founder__info\">\n                  <p class=\"founder__info__name\">Aidan Gomez<\/p>\n                  <p class=\"founder__info__titre\">\n                  <span>Co-fondateur et chef de la direction<\/span> \n                  <span>Cohere<\/span>\n                  <\/p>\n                <\/a>\n                <span class=\"founder__tab\" style=\"background-color:#082E3B; color:#fff\">\n                  <span class=\"banner-tab-text\">Aidan Gomez<\/span>\n                <\/span>\n              <\/div>\n            \n              <div class=\"founder__item swiper-slide\" data-founder=\"Emily Luk\" \n              data-background=\"#DEE0FF\" \n              data-textcolor=\"#000\"\n              style=\"background-color: #DEE0FF;\">\n                <img loading=\"lazy\" decoding=\"async\" width=\"700\" height=\"700\" src=\"https:\/\/www.inovia.wp.vortexdev.com\/wp-content\/uploads\/2024\/03\/Emily-700x700-1.png\" class=\"attachment-full size-full wp-post-image\" alt=\"\" \/>                <a href=\"https:\/\/www.inovia.wp.vortexdev.com\/fr\/fondateurs\/fondateurs-dentreprise\/emily-luk\/\" class=\"founder__info\">\n                  <p class=\"founder__info__name\">Emily Luk<\/p>\n                  <p class=\"founder__info__titre\">\n                  <span>Co-fondatrice &amp; Cheffe de la direction<\/span> \n                  <span>Plenty<\/span>\n                  <\/p>\n                <\/a>\n                <span class=\"founder__tab\" style=\"background-color:#DEE0FF; color:#000\">\n                  <span class=\"banner-tab-text\">Emily Luk<\/span>\n                <\/span>\n              <\/div>\n            \n              <div class=\"founder__item swiper-slide\" data-founder=\"Dr. Stephanie Simmon\" \n              data-background=\"#F4EFEA\" \n              data-textcolor=\"#000\"\n              style=\"background-color: #F4EFEA;\">\n                <img loading=\"lazy\" decoding=\"async\" width=\"700\" height=\"700\" src=\"https:\/\/www.inovia.wp.vortexdev.com\/wp-content\/uploads\/2023\/11\/Stef.png\" class=\"attachment-full size-full wp-post-image\" alt=\"\" \/>                <a href=\"https:\/\/www.inovia.wp.vortexdev.com\/fr\/fondateurs\/fondateurs-dentreprise\/dr-stephanie-simmon\/\" class=\"founder__info\">\n                  <p class=\"founder__info__name\">Dr. Stephanie Simmon<\/p>\n                  <p class=\"founder__info__titre\">\n                  <span>Fondatrice et Directrice des Technologies Quantiques<\/span> \n                  <span>Photonic<\/span>\n                  <\/p>\n                <\/a>\n                <span class=\"founder__tab\" style=\"background-color:#F4EFEA; color:#000\">\n                  <span class=\"banner-tab-text\">Dr. Stephanie Simmon<\/span>\n                <\/span>\n              <\/div>\n            \n              <div class=\"founder__item swiper-slide\" data-founder=\"Scott Stevenson\" \n              data-background=\"#DEE0FF\" \n              data-textcolor=\"#000\"\n              style=\"background-color: #DEE0FF;\">\n                <img loading=\"lazy\" decoding=\"async\" width=\"700\" height=\"700\" src=\"https:\/\/www.inovia.wp.vortexdev.com\/wp-content\/uploads\/2023\/05\/3-Scott-_-Spellbook.png\" class=\"attachment-full size-full wp-post-image\" alt=\"Scott Stevenson\" \/>                <a href=\"https:\/\/www.inovia.wp.vortexdev.com\/fr\/fondateurs\/fondateurs-dentreprise\/scott-stevenson\/\" class=\"founder__info\">\n                  <p class=\"founder__info__name\">Scott Stevenson<\/p>\n                  <p class=\"founder__info__titre\">\n                  <span>Co-Fondateur et Chef de la direction<\/span> \n                  <span>Spellbook<\/span>\n                  <\/p>\n                <\/a>\n                <span class=\"founder__tab\" style=\"background-color:#DEE0FF; color:#000\">\n                  <span class=\"banner-tab-text\">Scott Stevenson<\/span>\n                <\/span>\n              <\/div>\n                        <\/div>\n            <div class=\"founders__list__pagination\"><\/div>\n            <div class=\"founders__list__nav\">\n              <div class=\"founders__list__nav-prev swiper-button-prev\"><\/div>\n              <div class=\"founders__list__nav-next swiper-button-next\"><\/div>\n              <div id=\"founders__list__fraction\"><\/div>\n            <\/div>\n          <\/div>\n        \n      \n    <\/div>\n    <!-- -------------- END BANNER CONTENT RIGHT -------------->\n  <\/div>\n<\/section>\n\n\n\n<section class=\"counter-block theme-block alignfull\">\n  <div class=\"counter-block__content\">\n    <!-- -------------- COUNTER BLOCK CONTENT LEFT -------------->\n    <div class=\"counter-block__content__left\">\n              <h2 class=\"counter-block__title\">\n          Inovia en coup d&rsquo;oeil        <\/h2>\n      \n              <div class=\"counter-block__text\">\n          <p>Inovia Capital est une firme de capital de risque \u00ab full-stack \u00bb qui s\u2019associe aux entrepreneurs pour b\u00e2tir des entreprises mondiales et durables.<\/p>\n<p>Avec des investissements allant du pr\u00e9-amor\u00e7age au pr\u00e9-IPO, et une \u00e9quipe d\u2019investisseurs, d\u2019op\u00e9rateurs et de conseillers chevronn\u00e9s, nous sommes parfaitement \u00e9quip\u00e9s pour soutenir les fondateurs avec du capital, des conseils strat\u00e9giques et du mentorat tout au long de leur parcours. Notre \u00e9quipe a \u00e9t\u00e9 \u00e0 l\u2019avant-garde des \u00e9volutions technologiques depuis l\u2019av\u00e8nement d\u2019Internet et de l\u2019\u00e8re mobile dans les ann\u00e9es 90. Aujourd\u2019hui, nous perp\u00e9tuons cet h\u00e9ritage en soutenant les innovateurs dans les technologies \u00e9mergentes, y compris l\u2019<a href=\"https:\/\/www.inovia.wp.vortexdev.com\/fr\/ia-generative\/\">IA g\u00e9n\u00e9rative<\/a>.<\/p>\n        <\/div>\n      \n    <div class=\"counter-block__btns\">\n              <a class=\"block__btn btn\" href=\"https:\/\/www.inovia.wp.vortexdev.com\/fr\/entreprises-actives\/\"         >\n          Voir notre portefeuille        <\/a>\n      \n              <a class=\"block__btn btn--outline\" href=\"https:\/\/www.inovia.wp.vortexdev.com\/fr\/a-propos-dinovia\/\"         >\n          \u00c0 propos        <\/a>\n          <\/div>\n\n\n    <\/div>\n    <!-- -------------- END COUNTER BLOCK CONTENT LEFT -------------->\n    <!-- -------------- COUNTER BLOCK CONTENT RIGHT -------------->\n    <div class=\"counter-block__content__right\">\n              <div class=\"counter-block__numbers\">\n                  <div class=\"counter-block__number-item\">\n            <p class=\"number\">\n              <span><\/span>\n              <span class=\"number-counter\">3<\/span>\n              <span><\/span>\n            <\/p>\n            <p class=\"info-number\">Strat\u00e9gies d&rsquo;investissement : D\u00e9couverte, D\u00e9marrage &amp; Croissance<\/p>\n          <\/div>\n                  <div class=\"counter-block__number-item\">\n            <p class=\"number\">\n              <span><\/span>\n              <span class=\"number-counter\">2.5<\/span>\n              <span>G$US<\/span>\n            <\/p>\n            <p class=\"info-number\">Actifs sous gestion<\/p>\n          <\/div>\n                  <div class=\"counter-block__number-item\">\n            <p class=\"number\">\n              <span><\/span>\n              <span class=\"number-counter\">68<\/span>\n              <span><\/span>\n            <\/p>\n            <p class=\"info-number\">Entreprises en portefeuille<\/p>\n          <\/div>\n                  <div class=\"counter-block__number-item\">\n            <p class=\"number\">\n              <span><\/span>\n              <span class=\"number-counter\">58<\/span>\n              <span><\/span>\n            <\/p>\n            <p class=\"info-number\">Entreprises ant\u00e9rieures\/vendues<\/p>\n          <\/div>\n                  <div class=\"counter-block__number-item\">\n            <p class=\"number\">\n              <span>&gt;<\/span>\n              <span class=\"number-counter\">17<\/span>\n              <span>k<\/span>\n            <\/p>\n            <p class=\"info-number\">Employ\u00e9s \u00e0 travers notre portefeuille<\/p>\n          <\/div>\n                <\/div>\n          <\/div>\n    <!-- -------------- END COUNTER BLOCK CONTENT RIGHT -------------->\n  <\/div>\n<\/section>\n\n\n\n<style>\n.cta-block__container::after{\n  background-color: ;\n  background-image: url(https:\/\/www.inovia.wp.vortexdev.com\/wp-content\/uploads\/2024\/01\/Report-CTA-4.png);\n}\n.cta-block__container::before{\n  background-color: ;\n}\n<\/style>\n\n<section class=\"cta-block theme-block borderfull alignfull\">\n    <!-- -------------- CTA BLOCK CONTACT CTA -------------->\n    <div class=\"cta-block__container\">\n          <h3>\n        <span>Rapport sur l&rsquo;\u00e9tat<\/span>\n        <span><\/span>\n        <span>du logiciel canadien<\/span>\n      <\/h3>\n              <p>T\u00e9l\u00e9chargez la premi\u00e8re \u00e9dition du rapport!<\/p>\n              <div class=\"cta-block__btn\">\n        <a class=\"btn--white\" href=\"https:\/\/drive.google.com\/file\/d\/1MYBeNV1Zl_9JfoZjpuUloa-NS_iSHAxR\/view?usp=sharing\"         >\n          T\u00e9l\u00e9charger        <\/a>\n      <\/div>\n        <\/div>\n  <!-- -------------- END CTA BLOCK CONTACT CTA -------------->\n<\/section>\n\n\n\n<section class=\"companies-logos theme-block alignfull\">\n  <div class=\"companies-logos__content\">\n          <h4 class=\"companies-logos__title\">\n        D\u00c9COUVREZ NOS INVESTISSEMENTS LES PLUS R\u00c9CENTS      <\/h4>\n              <div class=\"companies_logos__list\">\n        <div class=\"swiper-wrapper\">\n        \n          <a href=\"https:\/\/www.inovia.wp.vortexdev.com\/fr\/entreprises-actives\/medeloop\/\" class=\"companie_logo__item swiper-slide\">\n                      <img decoding=\"async\" src=\"https:\/\/www.inovia.wp.vortexdev.com\/wp-content\/uploads\/2024\/11\/Medeloop-white-2.png\" alt=\"\">\n                    <\/a>\n        \n          <a href=\"https:\/\/www.inovia.wp.vortexdev.com\/fr\/entreprises-actives\/motion\/\" class=\"companie_logo__item swiper-slide\">\n                      <img decoding=\"async\" src=\"https:\/\/www.inovia.wp.vortexdev.com\/wp-content\/uploads\/2024\/09\/Motion-white-2-1.png\" alt=\"\">\n                    <\/a>\n        \n          <a href=\"https:\/\/www.inovia.wp.vortexdev.com\/fr\/entreprises-actives\/nue\/\" class=\"companie_logo__item swiper-slide\">\n                      <img decoding=\"async\" src=\"https:\/\/www.inovia.wp.vortexdev.com\/wp-content\/uploads\/2025\/01\/Nue-white.png\" alt=\"\">\n                    <\/a>\n        \n          <a href=\"https:\/\/www.inovia.wp.vortexdev.com\/fr\/entreprises-actives\/vasco\/\" class=\"companie_logo__item swiper-slide\">\n                      <img decoding=\"async\" src=\"https:\/\/www.inovia.wp.vortexdev.com\/wp-content\/uploads\/2024\/08\/Vasco-White.png\" alt=\"\">\n                    <\/a>\n                <\/div>\n      <\/div>\n      <\/div>\n<\/section>\n\n\n\n<section class=\"latest-posts theme-block alignfull\">\n  <div class=\"latest-posts__content\">\n    <div class=\"latest-posts__header\">\n              <h2 class=\"latest-posts__title\">\n          Conversations avec Inovia        <\/h2>\n            \n      <div class=\"latest-posts__text\">\n                  <p>Lisez les r\u00e9flexions de notre \u00e9quipe au sujet de b\u00e2tir des entreprises technologiques mondiales et durables.<\/p>\n                        <a class=\"banner__btn btn\" href=\"https:\/\/www.inovia.wp.vortexdev.com\/fr\/conversations-inovia\/\"         >\n          Voir toutes les publications        <\/a>\n            <\/div>\n    <\/div>\n    \n          <div class=\"latest_posts__list\">\n                  <a href=\"https:\/\/www.inovia.wp.vortexdev.com\/fr\/conversations-inovia\/inovia-mene-la-ronde-financement-de-serie-a-de-nue-une-classe-de-maitre-sur-la-gestion-du-cycle-de-revenus\/\" class=\"latest-posts__item\" style=\"background-color: #1F7887;\">\n                          <div class=\"latest-posts__item__categories\">\n                                                    <span class=\"latest-post__item__category\">Investissement<\/span>\n                                                    <span class=\"latest-post__item__category\">Portefeuille<\/span>\n                              <\/div>\n                        <img loading=\"lazy\" decoding=\"async\" width=\"1024\" height=\"579\" src=\"https:\/\/www.inovia.wp.vortexdev.com\/wp-content\/uploads\/2025\/01\/Nue-Blog-1024x579-1.png\" class=\"attachment-full size-full wp-post-image\" alt=\"\" \/>            <span class=\"latest-post__item__title\">Inovia m\u00e8ne la ronde financement de s\u00e9rie A de Nue : une classe de ma\u00eetre sur la gestion du cycle de revenus<\/span>\n          <\/a>\n                  <a href=\"https:\/\/www.inovia.wp.vortexdev.com\/fr\/conversations-inovia\/bienvenue-a-jf-cote-eir\/\" class=\"latest-posts__item\" style=\"background-color: #082E3B;\">\n                          <div class=\"latest-posts__item__categories\">\n                                                    <span class=\"latest-post__item__category\">Nouvelles Inovia<\/span>\n                              <\/div>\n                        <img loading=\"lazy\" decoding=\"async\" width=\"1024\" height=\"576\" src=\"https:\/\/www.inovia.wp.vortexdev.com\/wp-content\/uploads\/2025\/01\/JF-FR.png\" class=\"attachment-full size-full wp-post-image\" alt=\"\" \/>            <span class=\"latest-post__item__title\">Bienvenue \u00e0 JF Cote, EiR<\/span>\n          <\/a>\n                  <a href=\"https:\/\/www.inovia.wp.vortexdev.com\/fr\/conversations-inovia\/guide-pratique-pour-passer-des-efforts-de-ventes-b2b-saas-pilotes-par-le-fondateur-vers-le-leadership-dune-equipe-de-croissance\/\" class=\"latest-posts__item\" style=\"background-color: #1F7887;\">\n                          <div class=\"latest-posts__item__categories\">\n                                                    <span class=\"latest-post__item__category\">Insights d&rsquo;Inovia<\/span>\n                              <\/div>\n                        <img loading=\"lazy\" decoding=\"async\" width=\"1024\" height=\"579\" src=\"https:\/\/www.inovia.wp.vortexdev.com\/wp-content\/uploads\/2025\/01\/B2B-SaaS-Sales-Blog-14.png\" class=\"attachment-full size-full wp-post-image\" alt=\"\" \/>            <span class=\"latest-post__item__title\">Guide pratique pour passer des efforts de ventes B2B SaaS pilot\u00e9s par le fondateur vers le leadership d&rsquo;une \u00e9quipe de croissance<\/span>\n          <\/a>\n                  <a href=\"https:\/\/www.inovia.wp.vortexdev.com\/fr\/conversations-inovia\/18-g-us-leves-au-sein-de-notre-portefeuille-en-2024-dont-194-m-us-investis-par-inovia-dans-55-entreprises-a-tous-les-stades\/\" class=\"latest-posts__item\" style=\"background-color: #1F7887;\">\n                          <div class=\"latest-posts__item__categories\">\n                                                    <span class=\"latest-post__item__category\">Infolettre<\/span>\n                              <\/div>\n                        <img loading=\"lazy\" decoding=\"async\" width=\"1024\" height=\"579\" src=\"https:\/\/www.inovia.wp.vortexdev.com\/wp-content\/uploads\/2025\/01\/poolside-Q4-2024-1024x579-1.png\" class=\"attachment-full size-full wp-post-image\" alt=\"\" \/>            <span class=\"latest-post__item__title\">1,8 G$ US lev\u00e9s au sein de notre portefeuille en 2024, dont 194 M$ US investis par Inovia dans 55 entreprises \u00e0 tous les stades !<\/span>\n          <\/a>\n              <\/div>\n      <\/div>\n<\/section>\n","protected":false},"excerpt":{"rendered":"","protected":false},"author":1,"featured_media":0,"parent":0,"menu_order":0,"comment_status":"closed","ping_status":"open","template":"","meta":{"_acf_changed":false,"_relevanssi_hide_post":"","_relevanssi_hide_content":"","_relevanssi_pin_for_all":"","_relevanssi_pin_keywords":"","_relevanssi_unpin_keywords":"","_relevanssi_related_keywords":"","_relevanssi_related_include_ids":"","_relevanssi_related_exclude_ids":"","_relevanssi_related_no_append":"","_relevanssi_related_not_related":"","_relevanssi_related_posts":"3477,3185,3600,3593,3599,3474","_relevanssi_noindex_reason":"","inline_featured_image":false,"footnotes":""},"class_list":["post-5418","page","type-page","status-publish","hentry"],"acf":[],"_links":{"self":[{"href":"https:\/\/www.inovia.wp.vortexdev.com\/fr\/wp-json\/wp\/v2\/pages\/5418","targetHints":{"allow":["GET"]}}],"collection":[{"href":"https:\/\/www.inovia.wp.vortexdev.com\/fr\/wp-json\/wp\/v2\/pages"}],"about":[{"href":"https:\/\/www.inovia.wp.vortexdev.com\/fr\/wp-json\/wp\/v2\/types\/page"}],"author":[{"embeddable":true,"href":"https:\/\/www.inovia.wp.vortexdev.com\/fr\/wp-json\/wp\/v2\/users\/1"}],"replies":[{"embeddable":true,"href":"https:\/\/www.inovia.wp.vortexdev.com\/fr\/wp-json\/wp\/v2\/comments?post=5418"}],"version-history":[{"count":8,"href":"https:\/\/www.inovia.wp.vortexdev.com\/fr\/wp-json\/wp\/v2\/pages\/5418\/revisions"}],"predecessor-version":[{"id":13904,"href":"https:\/\/www.inovia.wp.vortexdev.com\/fr\/wp-json\/wp\/v2\/pages\/5418\/revisions\/13904"}],"wp:attachment":[{"href":"https:\/\/www.inovia.wp.vortexdev.com\/fr\/wp-json\/wp\/v2\/media?parent=5418"}],"curies":[{"name":"wp","href":"https:\/\/api.w.org\/{rel}","templated":true}]}}