{"id":5427,"date":"2022-05-02T10:44:28","date_gmt":"2022-05-02T14:44:28","guid":{"rendered":"https:\/\/www.inovia.wp.vortexdev.com\/?page_id=5427"},"modified":"2023-08-31T14:54:56","modified_gmt":"2023-08-31T18:54:56","slug":"entreprises-actives","status":"publish","type":"page","link":"https:\/\/www.inovia.wp.vortexdev.com\/fr\/entreprises-actives\/","title":{"rendered":"Entreprises actives"},"content":{"rendered":"\n<div class=\"wp-block-columns is-layout-flex wp-container-core-columns-is-layout-1 wp-block-columns-is-layout-flex\">\n<div class=\"wp-block-column is-layout-flow wp-block-column-is-layout-flow\">\n<p class=\"is-style-p-emphasis\">Nous investissons principalement dans les <mark style=\"background-color:rgba(0, 0, 0, 0)\" class=\"has-inline-color has-primary-color\">entreprises SaaS et les places de march\u00e9 B2B et B2C<\/mark>.<\/p>\n\n\n\n<p class=\"is-style-p-emphasis\">Notre portefeuille diversifi\u00e9 vise \u00e0 <mark style=\"background-color:rgba(0, 0, 0, 0)\" class=\"has-inline-color has-medium-primary-color\">transformer plusieurs industries<\/mark> telles que le commerce, les plateformes\u00a0d&rsquo;entreprises, le futur du travail, la sant\u00e9, la s\u00e9curit\u00e9 et le voyage et l&rsquo;hospitalit\u00e9 <mark style=\"background-color:rgba(0, 0, 0, 0)\" class=\"has-inline-color has-black-color\">gr\u00e2ce \u00e0 <\/mark><mark style=\"background-color:rgba(0, 0, 0, 0)\" class=\"has-inline-color has-primary-color\">la puissance de la technologie<\/mark>.<\/p>\n\n\n\n<p><\/p>\n<\/div>\n<\/div>\n","protected":false},"excerpt":{"rendered":"<p>Nous investissons principalement dans les entreprises SaaS et les places de march\u00e9 B2B et B2C. Notre portefeuille diversifi\u00e9 vise \u00e0 transformer plusieurs industries telles que le commerce, les plateformes\u00a0d&rsquo;entreprises, le futur du travail, la sant\u00e9, la s\u00e9curit\u00e9 et le voyage et l&rsquo;hospitalit\u00e9 gr\u00e2ce \u00e0 la puissance de la technologie.<\/p>\n","protected":false},"author":1,"featured_media":0,"parent":0,"menu_order":0,"comment_status":"closed","ping_status":"closed","template":"template-company.php","meta":{"_acf_changed":false,"_relevanssi_hide_post":"","_relevanssi_hide_content":"","_relevanssi_pin_for_all":"","_relevanssi_pin_keywords":"","_relevanssi_unpin_keywords":"","_relevanssi_related_keywords":"","_relevanssi_related_include_ids":"","_relevanssi_related_exclude_ids":"","_relevanssi_related_no_append":"","_relevanssi_related_not_related":"","_relevanssi_related_posts":"3551,3467,3568,3591,3472,3593","_relevanssi_noindex_reason":"","inline_featured_image":false,"footnotes":""},"class_list":["post-5427","page","type-page","status-publish","hentry"],"acf":[],"_links":{"self":[{"href":"https:\/\/www.inovia.wp.vortexdev.com\/fr\/wp-json\/wp\/v2\/pages\/5427","targetHints":{"allow":["GET"]}}],"collection":[{"href":"https:\/\/www.inovia.wp.vortexdev.com\/fr\/wp-json\/wp\/v2\/pages"}],"about":[{"href":"https:\/\/www.inovia.wp.vortexdev.com\/fr\/wp-json\/wp\/v2\/types\/page"}],"author":[{"embeddable":true,"href":"https:\/\/www.inovia.wp.vortexdev.com\/fr\/wp-json\/wp\/v2\/users\/1"}],"replies":[{"embeddable":true,"href":"https:\/\/www.inovia.wp.vortexdev.com\/fr\/wp-json\/wp\/v2\/comments?post=5427"}],"version-history":[{"count":8,"href":"https:\/\/www.inovia.wp.vortexdev.com\/fr\/wp-json\/wp\/v2\/pages\/5427\/revisions"}],"predecessor-version":[{"id":9547,"href":"https:\/\/www.inovia.wp.vortexdev.com\/fr\/wp-json\/wp\/v2\/pages\/5427\/revisions\/9547"}],"wp:attachment":[{"href":"https:\/\/www.inovia.wp.vortexdev.com\/fr\/wp-json\/wp\/v2\/media?parent=5427"}],"curies":[{"name":"wp","href":"https:\/\/api.w.org\/{rel}","templated":true}]}}