{"id":5446,"date":"2022-05-31T21:49:34","date_gmt":"2022-06-01T01:49:34","guid":{"rendered":"https:\/\/www.inovia.wp.vortexdev.com\/?page_id=5446"},"modified":"2022-10-22T16:21:31","modified_gmt":"2022-10-22T20:21:31","slug":"conseillers","status":"publish","type":"page","link":"https:\/\/www.inovia.wp.vortexdev.com\/fr\/conseillers\/","title":{"rendered":"Conseillers"},"content":{"rendered":"\n<div class=\"wp-block-columns is-layout-flex wp-container-core-columns-is-layout-1 wp-block-columns-is-layout-flex\">\n<div class=\"wp-block-column is-layout-flow wp-block-column-is-layout-flow\">\n<p class=\"is-style-p-emphasis\">Pour compl\u00e9ter notre \u00e9quipe, nous avons acc\u00e8s \u00e0 un <mark style=\"background-color:rgba(0, 0, 0, 0)\" class=\"has-inline-color has-medium-primary-color\">r\u00e9seau mondial de talents <\/mark>qui fournissent des <mark style=\"background-color:rgba(0, 0, 0, 0)\" class=\"has-inline-color has-primary-color\">informations sectorielles et tactiques<\/mark> \u00e0 notre \u00e9quipe d&rsquo;investissement et \u00e0 nos entrepreneurs.<\/p>\n<\/div>\n<\/div>\n\n\n\n<p><\/p>\n","protected":false},"excerpt":{"rendered":"<p>Pour compl\u00e9ter notre \u00e9quipe, nous avons acc\u00e8s \u00e0 un r\u00e9seau mondial de talents qui fournissent des informations sectorielles et tactiques \u00e0 notre \u00e9quipe d&rsquo;investissement et \u00e0 nos entrepreneurs.<\/p>\n","protected":false},"author":1,"featured_media":0,"parent":0,"menu_order":0,"comment_status":"closed","ping_status":"closed","template":"template-advisor.php","meta":{"_acf_changed":false,"_relevanssi_hide_post":"","_relevanssi_hide_content":"","_relevanssi_pin_for_all":"","_relevanssi_pin_keywords":"","_relevanssi_unpin_keywords":"","_relevanssi_related_keywords":"","_relevanssi_related_include_ids":"","_relevanssi_related_exclude_ids":"","_relevanssi_related_no_append":"","_relevanssi_related_not_related":"","_relevanssi_related_posts":"3590,3467,3598,3502,3574,3568","_relevanssi_noindex_reason":"","inline_featured_image":false,"footnotes":""},"class_list":["post-5446","page","type-page","status-publish","hentry"],"acf":[],"_links":{"self":[{"href":"https:\/\/www.inovia.wp.vortexdev.com\/fr\/wp-json\/wp\/v2\/pages\/5446","targetHints":{"allow":["GET"]}}],"collection":[{"href":"https:\/\/www.inovia.wp.vortexdev.com\/fr\/wp-json\/wp\/v2\/pages"}],"about":[{"href":"https:\/\/www.inovia.wp.vortexdev.com\/fr\/wp-json\/wp\/v2\/types\/page"}],"author":[{"embeddable":true,"href":"https:\/\/www.inovia.wp.vortexdev.com\/fr\/wp-json\/wp\/v2\/users\/1"}],"replies":[{"embeddable":true,"href":"https:\/\/www.inovia.wp.vortexdev.com\/fr\/wp-json\/wp\/v2\/comments?post=5446"}],"version-history":[{"count":2,"href":"https:\/\/www.inovia.wp.vortexdev.com\/fr\/wp-json\/wp\/v2\/pages\/5446\/revisions"}],"predecessor-version":[{"id":5930,"href":"https:\/\/www.inovia.wp.vortexdev.com\/fr\/wp-json\/wp\/v2\/pages\/5446\/revisions\/5930"}],"wp:attachment":[{"href":"https:\/\/www.inovia.wp.vortexdev.com\/fr\/wp-json\/wp\/v2\/media?parent=5446"}],"curies":[{"name":"wp","href":"https:\/\/api.w.org\/{rel}","templated":true}]}}