{"id":5969,"date":"2022-06-21T21:11:09","date_gmt":"2022-06-22T01:11:09","guid":{"rendered":"https:\/\/www.inovia.wp.vortexdev.com\/?page_id=5969"},"modified":"2023-11-02T13:03:00","modified_gmt":"2023-11-02T17:03:00","slug":"politique-de-diversite-et-de-lutte-contre-le-harcelement","status":"publish","type":"page","link":"https:\/\/www.inovia.wp.vortexdev.com\/fr\/politique-de-diversite-et-de-lutte-contre-le-harcelement\/","title":{"rendered":"Politique de diversit\u00e9 et de lutte contre le harc\u00e8lement"},"content":{"rendered":"\n<h2 class=\"wp-block-heading\"><strong>Principes de base<\/strong><\/h2>\n\n\n\n<p>Nous nous tenons responsables de notre r\u00e9ussite en mati\u00e8re de diversit\u00e9 et nous nous faisons un devoir de partager notre progr\u00e8s avec nos commanditaires. La diversit\u00e9 et l\u2019inclusion font partie de nos processus de diligence et d\u2019engagement continu envers les entreprises de notre portefeuille. Nous collaborons \u00e9galement avec&nbsp;<a href=\"https:\/\/theboardlist.com\/\">theBoardlist<\/a>&nbsp;pour aider les entreprises de notre portefeuille \u00e0 trouver des candidates qualifi\u00e9es pour les conseils d\u2019administration. Nous avons \u00e9tabli une politique de lutte contre le harc\u00e8lement que les entreprises de notre portefeuille et nous-m\u00eames respectons, et qui est la suivante&nbsp;:<\/p>\n\n\n\n<h3 class=\"wp-block-heading\"><strong>D\u00e9finitions de harc\u00e8lement<\/strong><\/h3>\n\n\n\n<p>Par harc\u00e8lement, on entend des propos, des \u00e9crits ou des comportements physiques qui montrent de l\u2019hostilit\u00e9 ou de l\u2019aversion envers un individu et qui sont fond\u00e9s sur la race, l\u2019origine nationale ou ethnique, la couleur, la religion, l\u2019\u00e2ge, le genre, l\u2019orientation sexuelle, la d\u00e9ficience, l\u2019\u00e9tat matrimonial, l\u2019\u00e9tat de personne graci\u00e9e ou toute autre caract\u00e9ristique qui&nbsp;:<\/p>\n\n\n\n<ol class=\"wp-block-list\">\n<li>vise \u00e0 cr\u00e9er de l\u2019intimidation, de l\u2019hostilit\u00e9 ou des menaces en milieu de travail;<\/li>\n\n\n\n<li>interf\u00e8re de fa\u00e7on d\u00e9raisonnable avec la performance au travail d\u2019un individu;<\/li>\n\n\n\n<li>nuit aux possibilit\u00e9s d\u2019emploi d\u2019un individu(1).<\/li>\n<\/ol>\n\n\n\n<h3 class=\"wp-block-heading\"><strong>Le harc\u00e8lement sexuel peut se d\u00e9finir par certains des comportements et actes suivants ou par leur ensemble :<\/strong><\/h3>\n\n\n\n<ol class=\"wp-block-list\">\n<li>harc\u00e8lement verbal comme des remarques et des sous-entendus sexistes ou sexuels; &nbsp;<\/li>\n\n\n\n<li>propositions sexuelles directes comme des avances sexuelles non d\u00e9sir\u00e9es ou des demandes de faveurs sexuelles ou des communications \u00e0 caract\u00e8re sexuel;<\/li>\n\n\n\n<li>contraintes sexuelles ou corruption comme des demandes sexuelles implicites ou explicites en \u00e9change de r\u00e9compense ou d\u2019une menace de punition;<\/li>\n\n\n\n<li>agression sexuelle comme un contact physique sans consentement ou un viol(2). Les agressions physiques et sexuelles sont d\u00e9finies dans le&nbsp;<a href=\"https:\/\/laws-lois.justice.gc.ca\/fra\/lois\/C-46\/\"><u><em>Code criminel<\/em><\/u><\/a>&nbsp;et seront trait\u00e9es en fonction de cette loi(3).<\/li>\n<\/ol>\n\n\n\n<h3 class=\"wp-block-heading\"><strong>Tol\u00e9rance z\u00e9ro<\/strong><\/h3>\n\n\n\n<p>Aucune forme de harc\u00e8lement ou de discrimination ne sera tol\u00e9r\u00e9e envers les membres de notre entreprise, du r\u00e9seau de nos compagnies en portefeuille, de nos actionnaires ou des membres de la communaut\u00e9 \u00e9largie d\u2019inovia (par&nbsp;ex.&nbsp;: les entrepreneurs<strong>). Toute personne impliqu\u00e9e dans une situation d\u2019harc\u00e8lement ou de discrimination envers un autre individu fera l\u2019objet de mesures disciplinaires.&nbsp;<\/strong>Ceci comprend toute personne qui entrave le r\u00e9sultat d\u2019une plainte, exerce des repr\u00e9sailles \u00e0 l\u2019encontre d\u2019un individu d\u00e9posant une plainte ou d\u00e9pose une plainte non fond\u00e9e dans le but de causer un pr\u00e9judice. Et ceci s\u2019applique \u00e0 tous les comportements li\u00e9s au travail, incluant lors de r\u00e9unions \u00e0 l\u2019ext\u00e9rieur ou de voyages d\u2019affaires(4).<\/p>\n\n\n\n<h3 class=\"wp-block-heading\"><strong>Enqu\u00eate et respect des politiques<\/strong><\/h3>\n\n\n\n<p>Le Comit\u00e9 Consultatif des Associ\u00e9s Directeurs d\u2019Inovia enqu\u00eatera, de fa\u00e7on prioritaire et approfondie, sur toutes les all\u00e9gations de harc\u00e8lement. Par la suite, les mesures appropri\u00e9es seront prises pour r\u00e9soudre l\u2019affaire en g\u00e9rant la situation et en \u00e9vitant qu\u2019elle ne se reproduise. Nous nous efforcerons de pr\u00e9server la vie priv\u00e9e de la victime tout en prot\u00e9geant les droits de l\u2019accus\u00e9 alors que des mesures seront prises pour r\u00e9soudre le tout(5).<\/p>\n\n\n\n<p>En plus des pratiques standards de recrutement, nous \u00e9valuerons avec diligence raisonnable les candidats afin de d\u00e9terminer s\u2019ils ont d\u00e9j\u00e0 enfreint des politiques et des pratiques d\u2019\u00e9thique en milieu de travail par le pass\u00e9, et d\u2019\u00e9viter l\u2019embauche de personnes qui auraient \u00e9t\u00e9 cong\u00e9di\u00e9es en raison de violation de politiques en milieu de travail(6).<\/p>\n\n\n\n<h3 class=\"wp-block-heading\"><strong>Vous \u00eates t\u00e9moin d\u2019une situation inappropri\u00e9e? Vous vivez une situation inappropri\u00e9e? Signalez-le.<\/strong><\/h3>\n\n\n\n<p>Veuillez nous informer si vous \u00eates t\u00e9moin de toute violation mentionn\u00e9e dans cette politique ou si vous vivez une telle situation. Envoyez-nous un courriel \u00e0 wecare@inoviacapital.com ou transmettez-nous vos commentaires en remplissant ce&nbsp;<a href=\"https:\/\/docs.google.com\/forms\/d\/e\/1FAIpQLSe3i72cE2fNRXqJE9BibcPb6DN6aplp2WAEiAOsrcV0dGAuNA\/viewform?usp=sf_link\">formulaire<\/a>, ce qui vous permet de demeurer anonyme. Toutes les plaintes seront trait\u00e9es avec respect et discr\u00e9tion.<\/p>\n\n\n\n<h3 class=\"wp-block-heading\"><strong>Au-del\u00e0 du cadre<\/strong><\/h3>\n\n\n\n<p>Par ailleurs, nous avons pris des mesures pour axer davantage nos efforts dans les domaines suivants&nbsp;:<\/p>\n\n\n\n<ul class=\"wp-block-list\">\n<li><strong>Dialogue&nbsp;:&nbsp;<\/strong>Nous communiquons r\u00e9guli\u00e8rement avec notre \u00e9quipe, ce qui rehausse notre capacit\u00e9 \u00e0 dialoguer dans un langage commun sur des sujets comme la diversit\u00e9 et l\u2019inclusion.<\/li>\n\n\n\n<li><strong>Diligence&nbsp;:<\/strong>&nbsp;La diversit\u00e9 et l\u2019inclusion font partie de nos processus de diligence et d\u2019engagement continu envers les entreprises de notre portefeuille.<\/li>\n\n\n\n<li><strong>Initiatives&nbsp;:&nbsp;<\/strong>Nous sommes fiers d\u2019\u00eatre membres de theBoardlist et nous avons lanc\u00e9 notre programme d\u2019heures de bureau afin de cr\u00e9er des canaux structur\u00e9s qui m\u00e8neront au changement.<\/li>\n\n\n\n<li><strong>Transparence&nbsp;:<\/strong>&nbsp;Certaines initiatives fonctionnent mieux que d\u2019autres. Au moyen de discussions r\u00e9guli\u00e8res avec les entreprises de notre portefeuille, nous pouvons acc\u00e9l\u00e9rer l\u2019apprentissage et favoriser l\u2019adoption.<\/li>\n<\/ul>\n\n\n\n<h3 class=\"wp-block-heading\"><strong>Mesures et programmes de diversit\u00e9<\/strong><\/h3>\n\n\n\n<p>Comme soci\u00e9t\u00e9 de capital de risque, nous suivons habituellement le progr\u00e8s de mesures simples de croissance et de rentabilit\u00e9 des entreprises de notre portefeuille. Toutefois, dans le cadre de notre position sur la diversit\u00e9, nous estimons que d\u2019autres facteurs contribuent \u00e9galement au succ\u00e8s d\u2019une entreprise. Nous faisons d\u00e9sormais le suivi de mesures de diversit\u00e9 au sein de notre organisation et des entreprises de notre portefeuille, notamment dans le cadre du processus de diligence pour l\u2019ensemble de nos investissements. De plus, nous avons commenc\u00e9 \u00e0 cr\u00e9er et partager nos programmes et strat\u00e9gies sur la diversit\u00e9 afin de contribuer \u00e0 une plus grande inclusion au sein des entreprises de notre portefeuille.<\/p>\n\n\n\n<p><strong>Nous d\u00e9fendons<\/strong>&nbsp;le principe suivant de&nbsp;<a href=\"https:\/\/medium.com\/@reidhoffman\/the-human-rights-of-women-entrepreneurs-c6da801de9db\">Reid Hoffman&nbsp;: #decencypledge<\/a>(7). Nous sommes d\u00e9termin\u00e9s \u00e0 collaborer avec nos entrepreneurs, nos commanditaires et l\u2019ensemble de la communaut\u00e9 de capital de risque au Canada et aux \u00c9tats-Unis afin de renforcer la diversit\u00e9 au sein de l\u2019industrie.<\/p>\n\n\n\n<p><strong>Ressources utiles<\/strong><\/p>\n\n\n\n<p>L\u2019\u00e9cosyst\u00e8me des entreprises en d\u00e9marrage profite de certaines ressources provenant des dirigeants de l\u2019industrie qui ont d\u00e9cid\u00e9 d\u2019informer et de soutenir la communaut\u00e9 tout en favorisant la diversit\u00e9 et l\u2019inclusion en milieu de travail. Voici donc les ressources utilis\u00e9es lors de l\u2019\u00e9tablissement de nos politiques internes.<\/p>\n\n\n\n<ul class=\"wp-block-list\">\n<li><a href=\"http:\/\/projectinclude.org\/\"><u>Project Include<\/u><\/a><\/li>\n\n\n\n<li><a href=\"https:\/\/www.techgirls.ca\/\"><u>Change Together<\/u><\/a><\/li>\n\n\n\n<li><a href=\"https:\/\/nvca.org\/diversity-core-competitiveness-report-actions-across-ecosystem\/\" target=\"_blank\" rel=\"noreferrer noopener\"><u>Building a More Inclusive Entrepreneurial Ecosystem<\/u><\/a>\u00a0by NVCA<\/li>\n\n\n\n<li>Social+Capital and The Information\u2019s&nbsp;<a href=\"https:\/\/www.theinformation.com\/articles\/bros-funding-bros-whats-wrong-with-venture-capital\"><u>Report<\/u><\/a>&nbsp;+&nbsp;<a href=\"https:\/\/docs.google.com\/spreadsheets\/u\/3\/d\/1GT5nUwbW7oPy0-dSAPCtmTF_rg5ug3CJRGpYFsGa-DQ\/edit#gid=0\"><u>Dataset<\/u><\/a><\/li>\n<\/ul>\n\n\n\n<p><strong>inovia capital, investir dans les personnes d\u2019abord.<\/strong><\/p>\n\n\n\n<hr class=\"wp-block-separator has-alpha-channel-opacity\"\/>\n\n\n\n<ol class=\"wp-block-list\">\n<li>[Anon, (2017). [en ligne] Consult\u00e9 \u00e0 l\u2019adresse&nbsp;:&nbsp;<a href=\"https:\/\/www.bizfilings.com\/toolkit\/research-topics\/office-hr\/identifying-and-preventing-harassment-in-your-workplace\"><u>https:\/\/www.bizfilings.com\/toolkit\/research-topics\/office-hr\/identifying-and-preventing-harassment-in-your-workplace<\/u><\/a>] [le 27 juillet 2017].<\/li>\n\n\n\n<li>TechCrunch. (2017).&nbsp;<em>A template for investor\/founder sexual harassment policy<\/em>. [en ligne] Consult\u00e9 \u00e0 l\u2019adresse&nbsp;:&nbsp;<a href=\"https:\/\/techcrunch.com\/2017\/07\/05\/harassment-policy-template\/?utm_campaign=Mattermark%20Daily&amp;utm_source=hs_email&amp;utm_medium=email&amp;utm_content=53974974&amp;_hsenc=p2ANqtz-9lhoqdYJpBPs1OtFtZhgckUwplyDXgFNxTL1Ub7sMG1N61-LU8NpTl-3O41vosa_KjVBSAr0BoOvdf2yZth__77j2pkw&amp;_hsmi=53974974\"><u>https:\/\/techcrunch.com\/2017\/07\/05\/harassment-policy-template\/?utm_campaign=Mattermark%20Daily&amp;utm_source=hs_email&amp;utm_medium=email&amp;utm_content=53974974&amp;_hsenc=p2ANqtz-9lhoqdYJpBPs1OtFtZhgckUwplyDXgFNxTL1Ub7sMG1N61-LU8NpTl-3O41vosa_KjVBSAr0BoOvdf2yZth__77j2pkw&amp;_hsmi=53974974<\/u><\/a>&nbsp;[le 20&nbsp;juillet 2017].<\/li>\n\n\n\n<li>Secr\u00e9tariat, Conseil du Tr\u00e9sor. (2017).\u00a0<em>S&rsquo;agit-il de harc\u00e8lement? Outil au service des employ\u00e9s \u2013 Canada.ca<\/em>. [en ligne] Canada.ca. Consult\u00e9 \u00e0 l\u2019adresse\u00a0:\u00a0<a href=\"https:\/\/www.canada.ca\/fr\/gouvernement\/fonctionpublique\/mieux-etre-inclusion-diversite-fonction-publique\/harcelement-violence\/harcelement-outil-service-employes.html\" target=\"_blank\" rel=\"noreferrer noopener\"><u>https:\/\/www.canada.ca\/fr\/secretariat-conseil-tresor\/services\/travail-sain\/prevention-resolution-harcelement\/harcelement-outil-service-employes.html#c2<\/u><\/a>\u00a0[le 27 juillet 2017].<\/li>\n\n\n\n<li>(2017). [en ligne] Consult\u00e9 \u00e0 l\u2019adresse&nbsp;:&nbsp;<a href=\"https:\/\/www.chrc-ccdp.ca\/sites\/default\/files\/template_anti-harassment.pdf\"><u>https:\/\/www.chrc-ccdp.ca\/sites\/default\/files\/template_anti-harassment.pdf<\/u><\/a>&nbsp;[le 20&nbsp;juillet 2017].<\/li>\n\n\n\n<li>Harris, M. (2017).&nbsp;<em>Silicon Valley doesn\u2019t need more apologies for sexism \u2014 it needs a plan<\/em>. [en ligne] Business Insider. Consult\u00e9 \u00e0 l\u2019adresse&nbsp;:&nbsp;<a href=\"http:\/\/www.businessinsider.com\/meena-harris-a-framework-for-dealing-with-sexual-harassment-2017-7\"><u>http:\/\/www.businessinsider.com\/meena-harris-a-framework-for-dealing-with-sexual-harassment-2017-7<\/u><\/a>&nbsp;[le 20&nbsp;juillet 2017]<\/li>\n\n\n\n<li>TechCrunch. (2017).&nbsp;<em>A template for investor\/founder sexual harassment policy<\/em>. [online]<\/li>\n\n\n\n<li>Medium. (2017).&nbsp;<em>The Human Rights of Women Entrepreneurs \u2013 Reid Hoffman \u2013 Medium<\/em>. [en ligne] Consult\u00e9 \u00e0 l\u2019adresse&nbsp;:&nbsp;<a href=\"https:\/\/medium.com\/@reidhoffman\/the-human-rights-of-women-entrepreneurs-c6da801de9db\"><u>https:\/\/medium.com\/@reidhoffman\/the-human-rights-of-women-entrepreneurs-c6da801de9db<\/u><\/a>&nbsp;[le 20&nbsp;juillet 2017].<\/li>\n<\/ol>\n","protected":false},"excerpt":{"rendered":"<p>Principes de base Nous nous tenons responsables de notre r\u00e9ussite en mati\u00e8re de diversit\u00e9 et nous nous faisons un devoir de partager notre progr\u00e8s avec nos commanditaires. La diversit\u00e9 et l\u2019inclusion font partie de nos processus de diligence et d\u2019engagement continu envers les entreprises de notre portefeuille. Nous collaborons \u00e9galement avec&nbsp;theBoardlist&nbsp;pour aider les entreprises de&hellip;<\/p>\n","protected":false},"author":1,"featured_media":0,"parent":0,"menu_order":0,"comment_status":"closed","ping_status":"closed","template":"","meta":{"_acf_changed":false,"_relevanssi_hide_post":"","_relevanssi_hide_content":"","_relevanssi_pin_for_all":"","_relevanssi_pin_keywords":"","_relevanssi_unpin_keywords":"","_relevanssi_related_keywords":"","_relevanssi_related_include_ids":"","_relevanssi_related_exclude_ids":"","_relevanssi_related_no_append":"","_relevanssi_related_not_related":"","_relevanssi_related_posts":"3606,3178,3481,3466,3471,3590","_relevanssi_noindex_reason":"","inline_featured_image":false,"footnotes":""},"class_list":["post-5969","page","type-page","status-publish","hentry"],"acf":[],"_links":{"self":[{"href":"https:\/\/www.inovia.wp.vortexdev.com\/fr\/wp-json\/wp\/v2\/pages\/5969","targetHints":{"allow":["GET"]}}],"collection":[{"href":"https:\/\/www.inovia.wp.vortexdev.com\/fr\/wp-json\/wp\/v2\/pages"}],"about":[{"href":"https:\/\/www.inovia.wp.vortexdev.com\/fr\/wp-json\/wp\/v2\/types\/page"}],"author":[{"embeddable":true,"href":"https:\/\/www.inovia.wp.vortexdev.com\/fr\/wp-json\/wp\/v2\/users\/1"}],"replies":[{"embeddable":true,"href":"https:\/\/www.inovia.wp.vortexdev.com\/fr\/wp-json\/wp\/v2\/comments?post=5969"}],"version-history":[{"count":5,"href":"https:\/\/www.inovia.wp.vortexdev.com\/fr\/wp-json\/wp\/v2\/pages\/5969\/revisions"}],"predecessor-version":[{"id":10268,"href":"https:\/\/www.inovia.wp.vortexdev.com\/fr\/wp-json\/wp\/v2\/pages\/5969\/revisions\/10268"}],"wp:attachment":[{"href":"https:\/\/www.inovia.wp.vortexdev.com\/fr\/wp-json\/wp\/v2\/media?parent=5969"}],"curies":[{"name":"wp","href":"https:\/\/api.w.org\/{rel}","templated":true}]}}